{"id":1103,"date":"2022-07-15T18:55:16","date_gmt":"2022-07-15T18:55:16","guid":{"rendered":"https:\/\/keramiamuhely.hu\/?page_id=1103"},"modified":"2025-03-16T12:37:55","modified_gmt":"2025-03-16T12:37:55","slug":"termekek","status":"publish","type":"page","link":"https:\/\/keramiamuhely.hu\/?page_id=1103","title":{"rendered":"Term\u00e9kek"},"content":{"rendered":"\t\t<div data-elementor-type=\"wp-page\" data-elementor-id=\"1103\" class=\"elementor elementor-1103\">\n\t\t\t\t\t\t\t\t\t<section class=\"elementor-section elementor-top-section elementor-element elementor-element-29d4d45 elementor-section-boxed elementor-section-height-default elementor-section-height-default\" data-id=\"29d4d45\" data-element_type=\"section\">\n\t\t\t\t\t\t<div class=\"elementor-container elementor-column-gap-default\">\n\t\t\t\t\t<div class=\"elementor-column elementor-col-100 elementor-top-column elementor-element elementor-element-2d18efb\" data-id=\"2d18efb\" data-element_type=\"column\">\n\t\t\t<div class=\"elementor-widget-wrap elementor-element-populated\">\n\t\t\t\t\t\t\t\t<div class=\"elementor-element elementor-element-8a5e0f1 elementor-widget elementor-widget-heading\" data-id=\"8a5e0f1\" data-element_type=\"widget\" data-widget_type=\"heading.default\">\n\t\t\t\t<div class=\"elementor-widget-container\">\n\t\t\t<style>\/*! elementor - v3.6.7 - 03-07-2022 *\/\n.elementor-heading-title{padding:0;margin:0;line-height:1}.elementor-widget-heading .elementor-heading-title[class*=elementor-size-]>a{color:inherit;font-size:inherit;line-height:inherit}.elementor-widget-heading .elementor-heading-title.elementor-size-small{font-size:15px}.elementor-widget-heading .elementor-heading-title.elementor-size-medium{font-size:19px}.elementor-widget-heading .elementor-heading-title.elementor-size-large{font-size:29px}.elementor-widget-heading .elementor-heading-title.elementor-size-xl{font-size:39px}.elementor-widget-heading .elementor-heading-title.elementor-size-xxl{font-size:59px}<\/style><h1 class=\"elementor-heading-title elementor-size-default\">F\u0151z\u0151ed\u00e9nyek<\/h1>\t\t<\/div>\n\t\t\t\t<\/div>\n\t\t\t\t\t<\/div>\n\t\t<\/div>\n\t\t\t\t\t\t\t<\/div>\n\t\t<\/section>\n\t\t\t\t<section class=\"elementor-section elementor-top-section elementor-element elementor-element-60e4cdb elementor-section-boxed elementor-section-height-default elementor-section-height-default\" data-id=\"60e4cdb\" data-element_type=\"section\">\n\t\t\t\t\t\t<div class=\"elementor-container elementor-column-gap-default\">\n\t\t\t\t\t<div class=\"elementor-column elementor-col-100 elementor-top-column elementor-element elementor-element-2d5e6ae\" data-id=\"2d5e6ae\" data-element_type=\"column\">\n\t\t\t<div class=\"elementor-widget-wrap elementor-element-populated\">\n\t\t\t\t\t\t\t\t<div class=\"elementor-element elementor-element-47ade54 elementor-widget elementor-widget-image\" data-id=\"47ade54\" data-element_type=\"widget\" data-widget_type=\"image.default\">\n\t\t\t\t<div class=\"elementor-widget-container\">\n\t\t\t<style>\/*! elementor - v3.6.7 - 03-07-2022 *\/\n.elementor-widget-image{text-align:center}.elementor-widget-image a{display:inline-block}.elementor-widget-image a img[src$=\".svg\"]{width:48px}.elementor-widget-image img{vertical-align:middle;display:inline-block}<\/style>\t\t\t\t\t\t\t\t\t\t\t\t<img loading=\"lazy\" decoding=\"async\" width=\"1920\" height=\"1440\" src=\"https:\/\/keramiamuhely.hu\/wp-content\/uploads\/2025\/03\/129486729_3413535825440726_7635621208625506317_n.jpg\" class=\"elementor-animation-shrink attachment-full size-full\" alt=\"\" srcset=\"https:\/\/keramiamuhely.hu\/wp-content\/uploads\/2025\/03\/129486729_3413535825440726_7635621208625506317_n.jpg 1920w, https:\/\/keramiamuhely.hu\/wp-content\/uploads\/2025\/03\/129486729_3413535825440726_7635621208625506317_n-300x225.jpg 300w, https:\/\/keramiamuhely.hu\/wp-content\/uploads\/2025\/03\/129486729_3413535825440726_7635621208625506317_n-1024x768.jpg 1024w, https:\/\/keramiamuhely.hu\/wp-content\/uploads\/2025\/03\/129486729_3413535825440726_7635621208625506317_n-768x576.jpg 768w, https:\/\/keramiamuhely.hu\/wp-content\/uploads\/2025\/03\/129486729_3413535825440726_7635621208625506317_n-1536x1152.jpg 1536w\" sizes=\"auto, (max-width: 1920px) 100vw, 1920px\" \/>\t\t\t\t\t\t\t\t\t\t\t\t\t\t\t<\/div>\n\t\t\t\t<\/div>\n\t\t\t\t<div class=\"elementor-element elementor-element-696a0a4 elementor-widget elementor-widget-heading\" data-id=\"696a0a4\" data-element_type=\"widget\" data-widget_type=\"heading.default\">\n\t\t\t\t<div class=\"elementor-widget-container\">\n\t\t\t<h1 class=\"elementor-heading-title elementor-size-default\">B\u00f6gr\u00e9k<\/h1>\t\t<\/div>\n\t\t\t\t<\/div>\n\t\t\t\t<div class=\"elementor-element elementor-element-957f125 elementor-widget elementor-widget-image\" data-id=\"957f125\" data-element_type=\"widget\" data-widget_type=\"image.default\">\n\t\t\t\t<div class=\"elementor-widget-container\">\n\t\t\t\t\t\t\t\t\t\t\t\t\t\t\t<img loading=\"lazy\" decoding=\"async\" width=\"2048\" height=\"1536\" src=\"https:\/\/keramiamuhely.hu\/wp-content\/uploads\/2025\/03\/448799686_7564143110379956_154469752976320393_n.jpg\" class=\"elementor-animation-shrink attachment-full size-full\" alt=\"\" srcset=\"https:\/\/keramiamuhely.hu\/wp-content\/uploads\/2025\/03\/448799686_7564143110379956_154469752976320393_n.jpg 2048w, https:\/\/keramiamuhely.hu\/wp-content\/uploads\/2025\/03\/448799686_7564143110379956_154469752976320393_n-300x225.jpg 300w, https:\/\/keramiamuhely.hu\/wp-content\/uploads\/2025\/03\/448799686_7564143110379956_154469752976320393_n-1024x768.jpg 1024w, https:\/\/keramiamuhely.hu\/wp-content\/uploads\/2025\/03\/448799686_7564143110379956_154469752976320393_n-768x576.jpg 768w, https:\/\/keramiamuhely.hu\/wp-content\/uploads\/2025\/03\/448799686_7564143110379956_154469752976320393_n-1536x1152.jpg 1536w\" sizes=\"auto, (max-width: 2048px) 100vw, 2048px\" \/>\t\t\t\t\t\t\t\t\t\t\t\t\t\t\t<\/div>\n\t\t\t\t<\/div>\n\t\t\t\t\t<\/div>\n\t\t<\/div>\n\t\t\t\t\t\t\t<\/div>\n\t\t<\/section>\n\t\t\t\t<section class=\"elementor-section elementor-top-section elementor-element elementor-element-ac1fe2f elementor-section-boxed elementor-section-height-default elementor-section-height-default\" data-id=\"ac1fe2f\" data-element_type=\"section\">\n\t\t\t\t\t\t<div class=\"elementor-container elementor-column-gap-default\">\n\t\t\t\t\t<div class=\"elementor-column elementor-col-100 elementor-top-column elementor-element elementor-element-ded4b79\" data-id=\"ded4b79\" data-element_type=\"column\">\n\t\t\t<div class=\"elementor-widget-wrap elementor-element-populated\">\n\t\t\t\t\t\t\t\t<div class=\"elementor-element elementor-element-08c9aaf elementor-widget elementor-widget-heading\" data-id=\"08c9aaf\" data-element_type=\"widget\" data-widget_type=\"heading.default\">\n\t\t\t\t<div class=\"elementor-widget-container\">\n\t\t\t<h1 class=\"elementor-heading-title elementor-size-default\">T\u00e1ny\u00e9rak<\/h1>\t\t<\/div>\n\t\t\t\t<\/div>\n\t\t\t\t\t<\/div>\n\t\t<\/div>\n\t\t\t\t\t\t\t<\/div>\n\t\t<\/section>\n\t\t\t\t<section class=\"elementor-section elementor-top-section elementor-element elementor-element-fa478c4 elementor-section-boxed elementor-section-height-default elementor-section-height-default\" data-id=\"fa478c4\" data-element_type=\"section\">\n\t\t\t\t\t\t<div class=\"elementor-container elementor-column-gap-default\">\n\t\t\t\t\t<div class=\"elementor-column elementor-col-100 elementor-top-column elementor-element elementor-element-bbfcab2\" data-id=\"bbfcab2\" data-element_type=\"column\">\n\t\t\t<div class=\"elementor-widget-wrap elementor-element-populated\">\n\t\t\t\t\t\t\t\t<div class=\"elementor-element elementor-element-c08d218 elementor-widget elementor-widget-image\" data-id=\"c08d218\" data-element_type=\"widget\" data-widget_type=\"image.default\">\n\t\t\t\t<div class=\"elementor-widget-container\">\n\t\t\t\t\t\t\t\t\t\t\t\t\t\t\t<img loading=\"lazy\" decoding=\"async\" width=\"2048\" height=\"1536\" src=\"https:\/\/keramiamuhely.hu\/wp-content\/uploads\/2025\/03\/448700857_7564144940379773_459433648945540649_n.jpg\" class=\"elementor-animation-shrink attachment-full size-full\" alt=\"\" srcset=\"https:\/\/keramiamuhely.hu\/wp-content\/uploads\/2025\/03\/448700857_7564144940379773_459433648945540649_n.jpg 2048w, https:\/\/keramiamuhely.hu\/wp-content\/uploads\/2025\/03\/448700857_7564144940379773_459433648945540649_n-300x225.jpg 300w, https:\/\/keramiamuhely.hu\/wp-content\/uploads\/2025\/03\/448700857_7564144940379773_459433648945540649_n-1024x768.jpg 1024w, https:\/\/keramiamuhely.hu\/wp-content\/uploads\/2025\/03\/448700857_7564144940379773_459433648945540649_n-768x576.jpg 768w, https:\/\/keramiamuhely.hu\/wp-content\/uploads\/2025\/03\/448700857_7564144940379773_459433648945540649_n-1536x1152.jpg 1536w\" sizes=\"auto, (max-width: 2048px) 100vw, 2048px\" \/>\t\t\t\t\t\t\t\t\t\t\t\t\t\t\t<\/div>\n\t\t\t\t<\/div>\n\t\t\t\t<div class=\"elementor-element elementor-element-d770cf2 elementor-widget elementor-widget-heading\" data-id=\"d770cf2\" data-element_type=\"widget\" data-widget_type=\"heading.default\">\n\t\t\t\t<div class=\"elementor-widget-container\">\n\t\t\t<h1 class=\"elementor-heading-title elementor-size-default\">Te\u00e1skann\u00e1k<\/h1>\t\t<\/div>\n\t\t\t\t<\/div>\n\t\t\t\t<div class=\"elementor-element elementor-element-c81b274 elementor-widget elementor-widget-image\" data-id=\"c81b274\" data-element_type=\"widget\" data-widget_type=\"image.default\">\n\t\t\t\t<div class=\"elementor-widget-container\">\n\t\t\t\t\t\t\t\t\t\t\t\t\t\t\t<img loading=\"lazy\" decoding=\"async\" width=\"2048\" height=\"1536\" src=\"https:\/\/keramiamuhely.hu\/wp-content\/uploads\/2025\/03\/448877315_7564143913713209_4901921656459152296_n.jpg\" class=\"elementor-animation-shrink attachment-full size-full\" alt=\"\" srcset=\"https:\/\/keramiamuhely.hu\/wp-content\/uploads\/2025\/03\/448877315_7564143913713209_4901921656459152296_n.jpg 2048w, https:\/\/keramiamuhely.hu\/wp-content\/uploads\/2025\/03\/448877315_7564143913713209_4901921656459152296_n-300x225.jpg 300w, https:\/\/keramiamuhely.hu\/wp-content\/uploads\/2025\/03\/448877315_7564143913713209_4901921656459152296_n-1024x768.jpg 1024w, https:\/\/keramiamuhely.hu\/wp-content\/uploads\/2025\/03\/448877315_7564143913713209_4901921656459152296_n-768x576.jpg 768w, https:\/\/keramiamuhely.hu\/wp-content\/uploads\/2025\/03\/448877315_7564143913713209_4901921656459152296_n-1536x1152.jpg 1536w\" sizes=\"auto, (max-width: 2048px) 100vw, 2048px\" \/>\t\t\t\t\t\t\t\t\t\t\t\t\t\t\t<\/div>\n\t\t\t\t<\/div>\n\t\t\t\t\t<\/div>\n\t\t<\/div>\n\t\t\t\t\t\t\t<\/div>\n\t\t<\/section>\n\t\t\t\t<section class=\"elementor-section elementor-top-section elementor-element elementor-element-a1c21c2 elementor-section-boxed elementor-section-height-default elementor-section-height-default\" data-id=\"a1c21c2\" data-element_type=\"section\">\n\t\t\t\t\t\t<div class=\"elementor-container elementor-column-gap-default\">\n\t\t\t\t\t<div class=\"elementor-column elementor-col-100 elementor-top-column elementor-element elementor-element-d72dd42\" data-id=\"d72dd42\" data-element_type=\"column\">\n\t\t\t<div class=\"elementor-widget-wrap elementor-element-populated\">\n\t\t\t\t\t\t\t\t<div class=\"elementor-element elementor-element-f544f90 elementor-widget elementor-widget-heading\" data-id=\"f544f90\" data-element_type=\"widget\" data-widget_type=\"heading.default\">\n\t\t\t\t<div class=\"elementor-widget-container\">\n\t\t\t<h1 class=\"elementor-heading-title elementor-size-default\">Te\u00e1s- k\u00e1v\u00e9sb\u00f6gr\u00e9k<\/h1>\t\t<\/div>\n\t\t\t\t<\/div>\n\t\t\t\t<div class=\"elementor-element elementor-element-3f9eea6 elementor-widget elementor-widget-image\" data-id=\"3f9eea6\" data-element_type=\"widget\" data-widget_type=\"image.default\">\n\t\t\t\t<div class=\"elementor-widget-container\">\n\t\t\t\t\t\t\t\t\t\t\t\t\t\t\t<img loading=\"lazy\" decoding=\"async\" width=\"2048\" height=\"1361\" src=\"https:\/\/keramiamuhely.hu\/wp-content\/uploads\/2022\/08\/289788178_5097311687063123_1402686552012825539_n.jpg\" class=\"elementor-animation-shrink attachment-full size-full\" alt=\"\" srcset=\"https:\/\/keramiamuhely.hu\/wp-content\/uploads\/2022\/08\/289788178_5097311687063123_1402686552012825539_n.jpg 2048w, https:\/\/keramiamuhely.hu\/wp-content\/uploads\/2022\/08\/289788178_5097311687063123_1402686552012825539_n-300x199.jpg 300w, https:\/\/keramiamuhely.hu\/wp-content\/uploads\/2022\/08\/289788178_5097311687063123_1402686552012825539_n-1024x681.jpg 1024w, https:\/\/keramiamuhely.hu\/wp-content\/uploads\/2022\/08\/289788178_5097311687063123_1402686552012825539_n-768x510.jpg 768w, https:\/\/keramiamuhely.hu\/wp-content\/uploads\/2022\/08\/289788178_5097311687063123_1402686552012825539_n-1536x1021.jpg 1536w\" sizes=\"auto, (max-width: 2048px) 100vw, 2048px\" \/>\t\t\t\t\t\t\t\t\t\t\t\t\t\t\t<\/div>\n\t\t\t\t<\/div>\n\t\t\t\t\t<\/div>\n\t\t<\/div>\n\t\t\t\t\t\t\t<\/div>\n\t\t<\/section>\n\t\t\t\t<section class=\"elementor-section elementor-top-section elementor-element elementor-element-7822c61 elementor-section-boxed elementor-section-height-default elementor-section-height-default\" data-id=\"7822c61\" data-element_type=\"section\">\n\t\t\t\t\t\t<div class=\"elementor-container elementor-column-gap-default\">\n\t\t\t\t\t<div class=\"elementor-column elementor-col-100 elementor-top-column elementor-element elementor-element-7cf1450\" data-id=\"7cf1450\" data-element_type=\"column\">\n\t\t\t<div class=\"elementor-widget-wrap elementor-element-populated\">\n\t\t\t\t\t\t\t\t<div class=\"elementor-element elementor-element-14698a2 elementor-widget elementor-widget-heading\" data-id=\"14698a2\" data-element_type=\"widget\" data-widget_type=\"heading.default\">\n\t\t\t\t<div class=\"elementor-widget-container\">\n\t\t\t<h1 class=\"elementor-heading-title elementor-size-default\">H\u0171t\u0151m\u00e1gnesek, egy\u00e9b apr\u00f3s\u00e1gok<\/h1>\t\t<\/div>\n\t\t\t\t<\/div>\n\t\t\t\t\t<\/div>\n\t\t<\/div>\n\t\t\t\t\t\t\t<\/div>\n\t\t<\/section>\n\t\t\t\t<section class=\"elementor-section elementor-top-section elementor-element elementor-element-173abd8 elementor-section-boxed elementor-section-height-default elementor-section-height-default\" data-id=\"173abd8\" data-element_type=\"section\">\n\t\t\t\t\t\t<div class=\"elementor-container elementor-column-gap-default\">\n\t\t\t\t\t<div class=\"elementor-column elementor-col-100 elementor-top-column elementor-element elementor-element-7b373f5\" data-id=\"7b373f5\" data-element_type=\"column\">\n\t\t\t<div class=\"elementor-widget-wrap elementor-element-populated\">\n\t\t\t\t\t\t\t\t<div class=\"elementor-element elementor-element-12dbe5a elementor-widget elementor-widget-image\" data-id=\"12dbe5a\" data-element_type=\"widget\" data-widget_type=\"image.default\">\n\t\t\t\t<div class=\"elementor-widget-container\">\n\t\t\t\t\t\t\t\t\t\t\t\t\t\t\t<img loading=\"lazy\" decoding=\"async\" width=\"1920\" height=\"1440\" src=\"https:\/\/keramiamuhely.hu\/wp-content\/uploads\/2022\/08\/185699647_3841686669292304_4598129285697444017_n.jpg\" class=\"elementor-animation-shrink attachment-full size-full\" alt=\"\" srcset=\"https:\/\/keramiamuhely.hu\/wp-content\/uploads\/2022\/08\/185699647_3841686669292304_4598129285697444017_n.jpg 1920w, https:\/\/keramiamuhely.hu\/wp-content\/uploads\/2022\/08\/185699647_3841686669292304_4598129285697444017_n-300x225.jpg 300w, https:\/\/keramiamuhely.hu\/wp-content\/uploads\/2022\/08\/185699647_3841686669292304_4598129285697444017_n-1024x768.jpg 1024w, https:\/\/keramiamuhely.hu\/wp-content\/uploads\/2022\/08\/185699647_3841686669292304_4598129285697444017_n-768x576.jpg 768w, https:\/\/keramiamuhely.hu\/wp-content\/uploads\/2022\/08\/185699647_3841686669292304_4598129285697444017_n-1536x1152.jpg 1536w\" sizes=\"auto, (max-width: 1920px) 100vw, 1920px\" \/>\t\t\t\t\t\t\t\t\t\t\t\t\t\t\t<\/div>\n\t\t\t\t<\/div>\n\t\t\t\t<div class=\"elementor-element elementor-element-5fc9966 elementor-widget elementor-widget-heading\" data-id=\"5fc9966\" data-element_type=\"widget\" data-widget_type=\"heading.default\">\n\t\t\t\t<div class=\"elementor-widget-container\">\n\t\t\t<h1 class=\"elementor-heading-title elementor-size-default\">M\u00e9csestart\u00f3k<\/h1>\t\t<\/div>\n\t\t\t\t<\/div>\n\t\t\t\t<div class=\"elementor-element elementor-element-1ac9606 elementor-widget elementor-widget-image\" data-id=\"1ac9606\" data-element_type=\"widget\" data-widget_type=\"image.default\">\n\t\t\t\t<div class=\"elementor-widget-container\">\n\t\t\t\t\t\t\t\t\t\t\t\t\t\t\t<img loading=\"lazy\" decoding=\"async\" width=\"1673\" height=\"2017\" src=\"https:\/\/keramiamuhely.hu\/wp-content\/uploads\/2022\/08\/86477263_2609729542488029_7088213248482213888_n.jpg\" class=\"elementor-animation-shrink attachment-full size-full\" alt=\"\" srcset=\"https:\/\/keramiamuhely.hu\/wp-content\/uploads\/2022\/08\/86477263_2609729542488029_7088213248482213888_n.jpg 1673w, https:\/\/keramiamuhely.hu\/wp-content\/uploads\/2022\/08\/86477263_2609729542488029_7088213248482213888_n-249x300.jpg 249w, https:\/\/keramiamuhely.hu\/wp-content\/uploads\/2022\/08\/86477263_2609729542488029_7088213248482213888_n-849x1024.jpg 849w, https:\/\/keramiamuhely.hu\/wp-content\/uploads\/2022\/08\/86477263_2609729542488029_7088213248482213888_n-768x926.jpg 768w, https:\/\/keramiamuhely.hu\/wp-content\/uploads\/2022\/08\/86477263_2609729542488029_7088213248482213888_n-1274x1536.jpg 1274w\" sizes=\"auto, (max-width: 1673px) 100vw, 1673px\" \/>\t\t\t\t\t\t\t\t\t\t\t\t\t\t\t<\/div>\n\t\t\t\t<\/div>\n\t\t\t\t\t<\/div>\n\t\t<\/div>\n\t\t\t\t\t\t\t<\/div>\n\t\t<\/section>\n\t\t\t\t\t\t\t<\/div>\n\t\t","protected":false},"excerpt":{"rendered":"<p>F\u0151z\u0151ed\u00e9nyek B\u00f6gr\u00e9k T\u00e1ny\u00e9rak Te\u00e1skann\u00e1k Te\u00e1s- k\u00e1v\u00e9sb\u00f6gr\u00e9k H\u0171t\u0151m\u00e1gnesek, egy\u00e9b apr\u00f3s\u00e1gok M\u00e9csestart\u00f3k<\/p>\n","protected":false},"author":1,"featured_media":0,"parent":0,"menu_order":0,"comment_status":"closed","ping_status":"closed","template":"","meta":{"footnotes":""},"class_list":["post-1103","page","type-page","status-publish","hentry","entry"],"_links":{"self":[{"href":"https:\/\/keramiamuhely.hu\/index.php?rest_route=\/wp\/v2\/pages\/1103","targetHints":{"allow":["GET"]}}],"collection":[{"href":"https:\/\/keramiamuhely.hu\/index.php?rest_route=\/wp\/v2\/pages"}],"about":[{"href":"https:\/\/keramiamuhely.hu\/index.php?rest_route=\/wp\/v2\/types\/page"}],"author":[{"embeddable":true,"href":"https:\/\/keramiamuhely.hu\/index.php?rest_route=\/wp\/v2\/users\/1"}],"replies":[{"embeddable":true,"href":"https:\/\/keramiamuhely.hu\/index.php?rest_route=%2Fwp%2Fv2%2Fcomments&post=1103"}],"version-history":[{"count":26,"href":"https:\/\/keramiamuhely.hu\/index.php?rest_route=\/wp\/v2\/pages\/1103\/revisions"}],"predecessor-version":[{"id":1353,"href":"https:\/\/keramiamuhely.hu\/index.php?rest_route=\/wp\/v2\/pages\/1103\/revisions\/1353"}],"wp:attachment":[{"href":"https:\/\/keramiamuhely.hu\/index.php?rest_route=%2Fwp%2Fv2%2Fmedia&parent=1103"}],"curies":[{"name":"wp","href":"https:\/\/api.w.org\/{rel}","templated":true}]}}