{"id":406,"date":"2016-09-27T09:51:22","date_gmt":"2016-09-27T09:51:22","guid":{"rendered":"http:\/\/fitness2.mythemecloud.io\/?page_id=406"},"modified":"2022-09-08T17:06:26","modified_gmt":"2022-09-08T17:06:26","slug":"studio","status":"publish","type":"page","link":"https:\/\/keramiamuhely.hu\/?page_id=406","title":{"rendered":"Studio"},"content":{"rendered":"\t\t<div data-elementor-type=\"wp-post\" data-elementor-id=\"406\" class=\"elementor elementor-406\">\n\t\t\t\t\t\t\t\t\t<section class=\"elementor-section elementor-top-section elementor-element elementor-element-ybrx6zd elementor-section-content-middle elementor-section-boxed elementor-section-height-default elementor-section-height-default\" data-id=\"ybrx6zd\" data-element_type=\"section\" data-settings=\"{&quot;background_background&quot;:&quot;classic&quot;}\">\n\t\t\t\t\t\t<div class=\"elementor-container elementor-column-gap-default\">\n\t\t\t\t\t<div class=\"elementor-column elementor-col-50 elementor-top-column elementor-element elementor-element-nm7wyr2\" data-id=\"nm7wyr2\" data-element_type=\"column\">\n\t\t\t<div class=\"elementor-widget-wrap elementor-element-populated\">\n\t\t\t\t\t\t\t\t<div class=\"elementor-element elementor-element-shc2be8 elementor-widget elementor-widget-image\" data-id=\"shc2be8\" data-element_type=\"widget\" data-widget_type=\"image.default\">\n\t\t\t\t<div class=\"elementor-widget-container\">\n\t\t\t<style>\/*! elementor - v3.6.7 - 03-07-2022 *\/\n.elementor-widget-image{text-align:center}.elementor-widget-image a{display:inline-block}.elementor-widget-image a img[src$=\".svg\"]{width:48px}.elementor-widget-image img{vertical-align:middle;display:inline-block}<\/style>\t\t\t\t\t\t\t\t\t\t\t\t<img loading=\"lazy\" decoding=\"async\" width=\"1660\" height=\"1942\" src=\"https:\/\/keramiamuhely.hu\/wp-content\/uploads\/2022\/08\/93473675_1446132682224399_6765656054886825984_n.jpg\" class=\"attachment-full size-full\" alt=\"\" srcset=\"https:\/\/keramiamuhely.hu\/wp-content\/uploads\/2022\/08\/93473675_1446132682224399_6765656054886825984_n.jpg 1660w, https:\/\/keramiamuhely.hu\/wp-content\/uploads\/2022\/08\/93473675_1446132682224399_6765656054886825984_n-256x300.jpg 256w, https:\/\/keramiamuhely.hu\/wp-content\/uploads\/2022\/08\/93473675_1446132682224399_6765656054886825984_n-875x1024.jpg 875w, https:\/\/keramiamuhely.hu\/wp-content\/uploads\/2022\/08\/93473675_1446132682224399_6765656054886825984_n-768x898.jpg 768w, https:\/\/keramiamuhely.hu\/wp-content\/uploads\/2022\/08\/93473675_1446132682224399_6765656054886825984_n-1313x1536.jpg 1313w\" sizes=\"auto, (max-width: 1660px) 100vw, 1660px\" \/>\t\t\t\t\t\t\t\t\t\t\t\t\t\t\t<\/div>\n\t\t\t\t<\/div>\n\t\t\t\t\t<\/div>\n\t\t<\/div>\n\t\t\t\t<div class=\"elementor-column elementor-col-50 elementor-top-column elementor-element elementor-element-r7gqrhq\" data-id=\"r7gqrhq\" data-element_type=\"column\">\n\t\t\t<div class=\"elementor-widget-wrap elementor-element-populated\">\n\t\t\t\t\t\t\t\t<div class=\"elementor-element elementor-element-x4fpxui elementor-widget elementor-widget-text-editor\" data-id=\"x4fpxui\" data-element_type=\"widget\" data-widget_type=\"text-editor.default\">\n\t\t\t\t<div class=\"elementor-widget-container\">\n\t\t\t<style>\/*! elementor - v3.6.7 - 03-07-2022 *\/\n.elementor-widget-text-editor.elementor-drop-cap-view-stacked .elementor-drop-cap{background-color:#818a91;color:#fff}.elementor-widget-text-editor.elementor-drop-cap-view-framed .elementor-drop-cap{color:#818a91;border:3px solid;background-color:transparent}.elementor-widget-text-editor:not(.elementor-drop-cap-view-default) .elementor-drop-cap{margin-top:8px}.elementor-widget-text-editor:not(.elementor-drop-cap-view-default) .elementor-drop-cap-letter{width:1em;height:1em}.elementor-widget-text-editor .elementor-drop-cap{float:left;text-align:center;line-height:1;font-size:50px}.elementor-widget-text-editor .elementor-drop-cap-letter{display:inline-block}<\/style>\t\t\t\t<p>Turbucz Hedvignek h\u00edvnak, S\u00e1rospatakon \u00e9s Holl\u00f3h\u00e1z\u00e1n tanultam keramikus szakm\u00e1mat kiv\u00e1l\u00f3 mesterekt\u0151l.<br \/>2009-ben alap\u00edtottam fazekas m\u0171helyemet Zala megy\u00e9ben tal\u00e1lhat\u00f3 kis faluban Nagykapornakon. M\u0171helyem egyben \u00fczlet is, ahol \u00e1rus\u00edtom cserepeimet. Szeretem az egyszer\u0171, letisztult form\u00e1kat, ed\u00e9nyeimet apr\u00f3, stiliz\u00e1lt vir\u00e1ggal d\u00edsz\u00edtem. S\u00fct\u0151ed\u00e9nyeim saj\u00e1toss\u00e1ga a csavart f\u00fcl, \u00e9l\u00e9nk sz\u00edn\u00fck vid\u00e1ms\u00e1got sugall. Haszn\u00e1lati \u00e9s d\u00edszt\u00e1rgyaim 990 Celsius-fokon \u00e9getem, ez biztos\u00edtja tart\u00f3ss\u00e1gukat. Ed\u00e9nyeim k\u00e1ros anyagt\u00f3l mentes m\u00e1zzal k\u00e9sz\u00fclnek, steril k\u00f6rnyezetben. Ker\u00e1mi\u00e1im mosogat\u00f3g\u00e9pben \u00e9s mikrohull\u00e1m\u00fa s\u00fct\u0151ben egyar\u00e1nt haszn\u00e1lhat\u00f3k. A ker\u00e1mi\u00e1z\u00e1s sz\u00e1momra egyfajta \u00f6nkifejez\u00e9s, minden cserepem az els\u0151 f\u00e1zist\u00f3l az utols\u00f3ig k\u00e9zzel k\u00e9sz\u00fcl, sz\u00edvemet lelkemet beleadva.<\/p>\t\t\t\t\t\t<\/div>\n\t\t\t\t<\/div>\n\t\t\t\t\t<\/div>\n\t\t<\/div>\n\t\t\t\t\t\t\t<\/div>\n\t\t<\/section>\n\t\t\t\t<section class=\"elementor-section elementor-top-section elementor-element elementor-element-qod0lr5 elementor-section-boxed elementor-section-height-default elementor-section-height-default\" data-id=\"qod0lr5\" data-element_type=\"section\">\n\t\t\t\t\t\t<div class=\"elementor-container elementor-column-gap-default\">\n\t\t\t\t\t<div class=\"elementor-column elementor-col-100 elementor-top-column elementor-element elementor-element-30f2919\" data-id=\"30f2919\" data-element_type=\"column\">\n\t\t\t<div class=\"elementor-widget-wrap elementor-element-populated\">\n\t\t\t\t\t\t\t\t<div class=\"elementor-element elementor-element-41b325c elementor-invisible elementor-widget elementor-widget-image\" data-id=\"41b325c\" data-element_type=\"widget\" data-settings=\"{&quot;_animation&quot;:&quot;fadeIn&quot;,&quot;_animation_delay&quot;:0}\" data-widget_type=\"image.default\">\n\t\t\t\t<div class=\"elementor-widget-container\">\n\t\t\t\t\t\t\t\t\t\t\t\t\t\t\t<img decoding=\"async\" src=\"https:\/\/keramiamuhely.hu\/wp-content\/uploads\/elementor\/thumbs\/1510614_393508280820183_1975048277216706751_n-pu3b9i12snv66mnnmbrndas74jaefh8724jal48lu0.jpg\" title=\"1510614_393508280820183_1975048277216706751_n\" alt=\"1510614_393508280820183_1975048277216706751_n\" class=\"elementor-animation-grow\" \/>\t\t\t\t\t\t\t\t\t\t\t\t\t\t\t<\/div>\n\t\t\t\t<\/div>\n\t\t\t\t<div class=\"elementor-element elementor-element-999fc80 elementor-widget elementor-widget-text-editor\" data-id=\"999fc80\" data-element_type=\"widget\" data-widget_type=\"text-editor.default\">\n\t\t\t\t<div class=\"elementor-widget-container\">\n\t\t\t\t\t\t\t<p>A cserepek elk\u00e9sz\u00edt\u00e9se id\u0151ig\u00e9nyes folyamat.<br \/>Els\u0151k\u00e9nt elektromos korongomon k\u00e9zzel form\u00e1zom agyagb\u00f3l az ed\u00e9nyeket.<br \/>K\u00f6vetkez\u0151 l\u00e9p\u00e9sben sz\u00e1rad\u00e1s ut\u00e1n betiszt\u00edtom az ed\u00e9nyeket.<br \/>Ezut\u00e1n j\u00f6het az \u00e9get\u00e9s mely, amely elektromos kemenc\u00e9mben 990 Celsius-fokon t\u00f6rt\u00e9nik.<br \/>A cserepeket \u00e9get\u00e9st k\u00f6vet\u0151en, h\u0171lt \u00e1llapotban m\u00e1zba m\u00e1rtom, majd ezt k\u00f6vet\u0151en sz\u00e1rad\u00e1s ut\u00e1n \u00fajb\u00f3l \u00e9get\u00e9s k\u00f6vetkezik.<br \/>Az ki\u00e9getett ed\u00e9nyek a h\u0171l\u00e9st k\u00f6vet\u0151en tekinthet\u0151k k\u00e9sznek.<\/p>\t\t\t\t\t\t<\/div>\n\t\t\t\t<\/div>\n\t\t\t\t\t<\/div>\n\t\t<\/div>\n\t\t\t\t\t\t\t<\/div>\n\t\t<\/section>\n\t\t\t\t\t\t\t<\/div>\n\t\t","protected":false},"excerpt":{"rendered":"<p>Turbucz Hedvignek h\u00edvnak, S\u00e1rospatakon \u00e9s Holl\u00f3h\u00e1z\u00e1n tanultam keramikus szakm\u00e1mat kiv\u00e1l\u00f3 mesterekt\u0151l.2009-ben alap\u00edtottam fazekas m\u0171helyemet Zala megy\u00e9ben tal\u00e1lhat\u00f3 kis faluban Nagykapornakon. M\u0171helyem egyben \u00fczlet is, ahol \u00e1rus\u00edtom cserepeimet. Szeretem az egyszer\u0171, letisztult form\u00e1kat, ed\u00e9nyeimet apr\u00f3, stiliz\u00e1lt vir\u00e1ggal d\u00edsz\u00edtem. S\u00fct\u0151ed\u00e9nyeim saj\u00e1toss\u00e1ga a csavart f\u00fcl, \u00e9l\u00e9nk sz\u00edn\u00fck vid\u00e1ms\u00e1got sugall. Haszn\u00e1lati \u00e9s d\u00edszt\u00e1rgyaim 990 Celsius-fokon \u00e9getem, ez biztos\u00edtja tart\u00f3ss\u00e1gukat. [&hellip;]<\/p>\n","protected":false},"author":1,"featured_media":0,"parent":0,"menu_order":0,"comment_status":"closed","ping_status":"closed","template":"","meta":{"footnotes":""},"class_list":["post-406","page","type-page","status-publish","hentry","entry"],"_links":{"self":[{"href":"https:\/\/keramiamuhely.hu\/index.php?rest_route=\/wp\/v2\/pages\/406","targetHints":{"allow":["GET"]}}],"collection":[{"href":"https:\/\/keramiamuhely.hu\/index.php?rest_route=\/wp\/v2\/pages"}],"about":[{"href":"https:\/\/keramiamuhely.hu\/index.php?rest_route=\/wp\/v2\/types\/page"}],"author":[{"embeddable":true,"href":"https:\/\/keramiamuhely.hu\/index.php?rest_route=\/wp\/v2\/users\/1"}],"replies":[{"embeddable":true,"href":"https:\/\/keramiamuhely.hu\/index.php?rest_route=%2Fwp%2Fv2%2Fcomments&post=406"}],"version-history":[{"count":21,"href":"https:\/\/keramiamuhely.hu\/index.php?rest_route=\/wp\/v2\/pages\/406\/revisions"}],"predecessor-version":[{"id":1313,"href":"https:\/\/keramiamuhely.hu\/index.php?rest_route=\/wp\/v2\/pages\/406\/revisions\/1313"}],"wp:attachment":[{"href":"https:\/\/keramiamuhely.hu\/index.php?rest_route=%2Fwp%2Fv2%2Fmedia&parent=406"}],"curies":[{"name":"wp","href":"https:\/\/api.w.org\/{rel}","templated":true}]}}